{"id":1475,"date":"2022-07-04T12:18:31","date_gmt":"2022-07-04T12:18:31","guid":{"rendered":"https:\/\/florahotelmada.com\/?page_id=1475"},"modified":"2022-07-05T06:38:04","modified_gmt":"2022-07-05T06:38:04","slug":"the-rova-manjakamiadana","status":"publish","type":"page","link":"https:\/\/florahotelmada.com\/fr\/the-rova-manjakamiadana\/","title":{"rendered":"Le Rova Manjakamiadana"},"content":{"rendered":"<div data-elementor-type=\"wp-page\" data-elementor-id=\"1475\" class=\"elementor elementor-1475\" data-elementor-post-type=\"page\">\n\t\t\t\t\t\t<section class=\"elementor-section elementor-top-section elementor-element elementor-element-c1f8141 elementor-section-boxed elementor-section-height-default elementor-section-height-default\" data-id=\"c1f8141\" data-element_type=\"section\" data-e-type=\"section\" data-settings=\"{&quot;background_background&quot;:&quot;classic&quot;}\">\n\t\t\t\t\t\t\t<div class=\"elementor-background-overlay\"><\/div>\n\t\t\t\t\t\t\t<div class=\"elementor-container elementor-column-gap-default\">\n\t\t\t\t\t<div class=\"elementor-column elementor-col-100 elementor-top-column elementor-element elementor-element-8b47a62\" data-id=\"8b47a62\" data-element_type=\"column\" data-e-type=\"column\">\n\t\t\t<div class=\"elementor-widget-wrap elementor-element-populated\">\n\t\t\t\t\t\t\t<\/div>\n\t\t<\/div>\n\t\t\t\t\t<\/div>\n\t\t<\/section>\n\t\t\t\t<section class=\"elementor-section elementor-top-section elementor-element elementor-element-f7e6a67 elementor-section-boxed elementor-section-height-default elementor-section-height-default\" data-id=\"f7e6a67\" data-element_type=\"section\" data-e-type=\"section\">\n\t\t\t\t\t\t<div class=\"elementor-container elementor-column-gap-default\">\n\t\t\t\t\t<div class=\"elementor-column elementor-col-100 elementor-top-column elementor-element elementor-element-80a1062\" data-id=\"80a1062\" data-element_type=\"column\" data-e-type=\"column\">\n\t\t\t<div class=\"elementor-widget-wrap elementor-element-populated\">\n\t\t\t\t\t\t<div class=\"elementor-element elementor-element-3b2824d elementor-widget elementor-widget-image\" data-id=\"3b2824d\" data-element_type=\"widget\" data-e-type=\"widget\" data-widget_type=\"image.default\">\n\t\t\t\t<div class=\"elementor-widget-container\">\n\t\t\t\t\t\t\t\t\t\t\t\t\t\t\t<img loading=\"lazy\" decoding=\"async\" width=\"983\" height=\"433\" src=\"https:\/\/florahotelmada.com\/wp-content\/uploads\/2022\/07\/manjakamiadana.jpg\" class=\"attachment-full size-full wp-image-1535\" alt=\"\" srcset=\"https:\/\/florahotelmada.com\/wp-content\/uploads\/2022\/07\/manjakamiadana.jpg 983w, https:\/\/florahotelmada.com\/wp-content\/uploads\/2022\/07\/manjakamiadana-300x132.jpg 300w, https:\/\/florahotelmada.com\/wp-content\/uploads\/2022\/07\/manjakamiadana-768x338.jpg 768w, https:\/\/florahotelmada.com\/wp-content\/uploads\/2022\/07\/manjakamiadana-18x8.jpg 18w\" sizes=\"auto, (max-width: 983px) 100vw, 983px\" \/>\t\t\t\t\t\t\t\t\t\t\t\t\t\t\t<\/div>\n\t\t\t\t<\/div>\n\t\t\t\t\t<\/div>\n\t\t<\/div>\n\t\t\t\t\t<\/div>\n\t\t<\/section>\n\t\t\t\t<section class=\"elementor-section elementor-top-section elementor-element elementor-element-81e97fa elementor-section-boxed elementor-section-height-default elementor-section-height-default\" data-id=\"81e97fa\" data-element_type=\"section\" data-e-type=\"section\">\n\t\t\t\t\t\t<div class=\"elementor-container elementor-column-gap-default\">\n\t\t\t\t\t<div class=\"elementor-column elementor-col-100 elementor-top-column elementor-element elementor-element-1fd3914\" data-id=\"1fd3914\" data-element_type=\"column\" data-e-type=\"column\">\n\t\t\t<div class=\"elementor-widget-wrap elementor-element-populated\">\n\t\t\t\t\t\t<div class=\"elementor-element elementor-element-e57fd77 elementor-widget elementor-widget-heading\" data-id=\"e57fd77\" data-element_type=\"widget\" data-e-type=\"widget\" data-widget_type=\"heading.default\">\n\t\t\t\t<div class=\"elementor-widget-container\">\n\t\t\t\t\t<h4 class=\"elementor-heading-title elementor-size-default\">THE ROVA MANJAKAMIADANA<\/h4>\t\t\t\t<\/div>\n\t\t\t\t<\/div>\n\t\t\t\t\t<\/div>\n\t\t<\/div>\n\t\t\t\t\t<\/div>\n\t\t<\/section>\n\t\t\t\t<section class=\"elementor-section elementor-top-section elementor-element elementor-element-60390a6 elementor-section-boxed elementor-section-height-default elementor-section-height-default\" data-id=\"60390a6\" data-element_type=\"section\" data-e-type=\"section\">\n\t\t\t\t\t\t<div class=\"elementor-container elementor-column-gap-default\">\n\t\t\t\t\t<div class=\"elementor-column elementor-col-50 elementor-top-column elementor-element elementor-element-86d7975\" data-id=\"86d7975\" data-element_type=\"column\" data-e-type=\"column\">\n\t\t\t<div class=\"elementor-widget-wrap elementor-element-populated\">\n\t\t\t\t\t\t<div class=\"elementor-element elementor-element-b66874e elementor-widget elementor-widget-text-editor\" data-id=\"b66874e\" data-element_type=\"widget\" data-e-type=\"widget\" data-widget_type=\"text-editor.default\">\n\t\t\t\t<div class=\"elementor-widget-container\">\n\t\t\t\t\t\t\t\t\t<p class=\"translation-block\">The \u201c<strong>Rova of Manjakamiadana<\/strong>\u201c, jewel of Antananarivo.<br>Former palace where kings and queens lived in the XIXe century, it is now one of the most attractive monuments in the world.<\/p><p class=\"translation-block\"><span style=\"font-family: Gudea, sans-serif;letter-spacing: 0.2px\">Situ\u00e9 dans le quartier d'Andafivaratra, \u00e0 Andohalo, il est perceptible de partout et repr\u00e9sente encore une forte valeur historique.<\/span><br><span style=\"serif\u00a0\">Le palais royal de\u00a0<\/span><span>Manjakamiadana<\/span><span>, actuellement un touriste site fait le joyau de Madagascar. Il fait partie des sites touristiques les plus recommand\u00e9s d'Antananarivo visit\u00e9s par bon nombre de touristes du monde entier.<\/span><br><\/p>\t\t\t\t\t\t\t\t<\/div>\n\t\t\t\t<\/div>\n\t\t\t\t\t<\/div>\n\t\t<\/div>\n\t\t\t\t<div class=\"elementor-column elementor-col-50 elementor-top-column elementor-element elementor-element-cc4e7c5\" data-id=\"cc4e7c5\" data-element_type=\"column\" data-e-type=\"column\">\n\t\t\t<div class=\"elementor-widget-wrap elementor-element-populated\">\n\t\t\t\t\t\t<div class=\"elementor-element elementor-element-ca894aa elementor-widget elementor-widget-image\" data-id=\"ca894aa\" data-element_type=\"widget\" data-e-type=\"widget\" data-widget_type=\"image.default\">\n\t\t\t\t<div class=\"elementor-widget-container\">\n\t\t\t\t\t\t\t\t\t\t\t\t\t\t\t<img loading=\"lazy\" decoding=\"async\" width=\"847\" height=\"533\" src=\"https:\/\/florahotelmada.com\/wp-content\/uploads\/2022\/07\/manjakamiadana-1840.jpeg\" class=\"attachment-large size-large wp-image-1543\" alt=\"\" srcset=\"https:\/\/florahotelmada.com\/wp-content\/uploads\/2022\/07\/manjakamiadana-1840.jpeg 847w, https:\/\/florahotelmada.com\/wp-content\/uploads\/2022\/07\/manjakamiadana-1840-300x189.jpeg 300w, https:\/\/florahotelmada.com\/wp-content\/uploads\/2022\/07\/manjakamiadana-1840-768x483.jpeg 768w, https:\/\/florahotelmada.com\/wp-content\/uploads\/2022\/07\/manjakamiadana-1840-18x12.jpeg 18w\" sizes=\"auto, (max-width: 847px) 100vw, 847px\" \/>\t\t\t\t\t\t\t\t\t\t\t\t\t\t\t<\/div>\n\t\t\t\t<\/div>\n\t\t\t\t\t<\/div>\n\t\t<\/div>\n\t\t\t\t\t<\/div>\n\t\t<\/section>\n\t\t\t\t<section class=\"elementor-section elementor-top-section elementor-element elementor-element-a6cfab9 elementor-section-boxed elementor-section-height-default elementor-section-height-default\" data-id=\"a6cfab9\" data-element_type=\"section\" data-e-type=\"section\">\n\t\t\t\t\t\t<div class=\"elementor-container elementor-column-gap-default\">\n\t\t\t\t\t<div class=\"elementor-column elementor-col-100 elementor-top-column elementor-element elementor-element-2438e8e\" data-id=\"2438e8e\" data-element_type=\"column\" data-e-type=\"column\">\n\t\t\t<div class=\"elementor-widget-wrap elementor-element-populated\">\n\t\t\t\t\t\t<div class=\"elementor-element elementor-element-86e03c0 elementor-widget elementor-widget-text-editor\" data-id=\"86e03c0\" data-element_type=\"widget\" data-e-type=\"widget\" data-widget_type=\"text-editor.default\">\n\t\t\t\t<div class=\"elementor-widget-container\">\n\t\t\t\t\t\t\t\t\t<p class=\"translation-block\">Autrefois c'\u00e9tait la r\u00e9sidence principale des rois et reines d'Analamanga sous le r\u00e8gne de tous les souverains allant d'Andrianampoinimerina \u00e0 Ranavalona III. Elle a gard\u00e9 une n\u00e9cropole de 9 tombes et 5 palais monumentaux dont les \"Tranovola, Manampisoa, Besakana, Mahitsielafanjaka, Tranofitomiandalana\" se trouvant dans ses quartiers.<br>L'\u00e9difice a \u00e9t\u00e9 reconstruit \u00e0 la demande de la reine Ranavalona I sur les plans de l'ing\u00e9nieuse Fran\u00e7ais Jean Laborde.<br>Des ann\u00e9es plus tard, le missionnaire et architecte James Cameron l'a reconstruit en pierre. En m\u00eame temps, il construit un temple protestant suivant les ordres de la reine Rasoherina.<\/p>\t\t\t\t\t\t\t\t<\/div>\n\t\t\t\t<\/div>\n\t\t\t\t\t<\/div>\n\t\t<\/div>\n\t\t\t\t\t<\/div>\n\t\t<\/section>\n\t\t\t\t<section class=\"elementor-section elementor-top-section elementor-element elementor-element-dd8b4d5 elementor-section-boxed elementor-section-height-default elementor-section-height-default\" data-id=\"dd8b4d5\" data-element_type=\"section\" data-e-type=\"section\">\n\t\t\t\t\t\t<div class=\"elementor-container elementor-column-gap-default\">\n\t\t\t\t\t<div class=\"elementor-column elementor-col-16 elementor-top-column elementor-element elementor-element-fa81b06\" data-id=\"fa81b06\" data-element_type=\"column\" data-e-type=\"column\">\n\t\t\t<div class=\"elementor-widget-wrap elementor-element-populated\">\n\t\t\t\t\t\t<div class=\"elementor-element elementor-element-d74c3f7 elementor-widget elementor-widget-image\" data-id=\"d74c3f7\" data-element_type=\"widget\" data-e-type=\"widget\" data-widget_type=\"image.default\">\n\t\t\t\t<div class=\"elementor-widget-container\">\n\t\t\t\t\t\t\t\t\t\t\t\t\t\t\t<img loading=\"lazy\" decoding=\"async\" width=\"550\" height=\"402\" src=\"https:\/\/florahotelmada.com\/wp-content\/uploads\/2022\/07\/tranovola1g.jpg\" class=\"attachment-large size-large wp-image-1542\" alt=\"\" srcset=\"https:\/\/florahotelmada.com\/wp-content\/uploads\/2022\/07\/tranovola1g.jpg 550w, https:\/\/florahotelmada.com\/wp-content\/uploads\/2022\/07\/tranovola1g-300x219.jpg 300w, https:\/\/florahotelmada.com\/wp-content\/uploads\/2022\/07\/tranovola1g-16x12.jpg 16w\" sizes=\"auto, (max-width: 550px) 100vw, 550px\" \/>\t\t\t\t\t\t\t\t\t\t\t\t\t\t\t<\/div>\n\t\t\t\t<\/div>\n\t\t\t\t<div class=\"elementor-element elementor-element-d5934f3 elementor-widget elementor-widget-text-editor\" data-id=\"d5934f3\" data-element_type=\"widget\" data-e-type=\"widget\" data-widget_type=\"text-editor.default\">\n\t\t\t\t<div class=\"elementor-widget-container\">\n\t\t\t\t\t\t\t\t\t<h6><strong>\u00a0Tranovola<\/strong><\/h6>\t\t\t\t\t\t\t\t<\/div>\n\t\t\t\t<\/div>\n\t\t\t\t\t<\/div>\n\t\t<\/div>\n\t\t\t\t<div class=\"elementor-column elementor-col-16 elementor-top-column elementor-element elementor-element-fb424db\" data-id=\"fb424db\" data-element_type=\"column\" data-e-type=\"column\">\n\t\t\t<div class=\"elementor-widget-wrap elementor-element-populated\">\n\t\t\t\t\t\t<div class=\"elementor-element elementor-element-f7329b2 elementor-widget elementor-widget-image\" data-id=\"f7329b2\" data-element_type=\"widget\" data-e-type=\"widget\" data-widget_type=\"image.default\">\n\t\t\t\t<div class=\"elementor-widget-container\">\n\t\t\t\t\t\t\t\t\t\t\t\t\t\t\t<img loading=\"lazy\" decoding=\"async\" width=\"550\" height=\"383\" src=\"https:\/\/florahotelmada.com\/wp-content\/uploads\/2022\/07\/manampisoa.jpg\" class=\"attachment-large size-large wp-image-1540\" alt=\"\" srcset=\"https:\/\/florahotelmada.com\/wp-content\/uploads\/2022\/07\/manampisoa.jpg 550w, https:\/\/florahotelmada.com\/wp-content\/uploads\/2022\/07\/manampisoa-300x209.jpg 300w, https:\/\/florahotelmada.com\/wp-content\/uploads\/2022\/07\/manampisoa-18x12.jpg 18w\" sizes=\"auto, (max-width: 550px) 100vw, 550px\" \/>\t\t\t\t\t\t\t\t\t\t\t\t\t\t\t<\/div>\n\t\t\t\t<\/div>\n\t\t\t\t<div class=\"elementor-element elementor-element-d810dd6 elementor-widget elementor-widget-text-editor\" data-id=\"d810dd6\" data-element_type=\"widget\" data-e-type=\"widget\" data-widget_type=\"text-editor.default\">\n\t\t\t\t<div class=\"elementor-widget-container\">\n\t\t\t\t\t\t\t\t\t<h6><strong> Manampisoa<\/strong><\/h6>\t\t\t\t\t\t\t\t<\/div>\n\t\t\t\t<\/div>\n\t\t\t\t\t<\/div>\n\t\t<\/div>\n\t\t\t\t<div class=\"elementor-column elementor-col-16 elementor-top-column elementor-element elementor-element-ef91c3d\" data-id=\"ef91c3d\" data-element_type=\"column\" data-e-type=\"column\">\n\t\t\t<div class=\"elementor-widget-wrap elementor-element-populated\">\n\t\t\t\t\t\t<div class=\"elementor-element elementor-element-7788fe5 elementor-widget elementor-widget-image\" data-id=\"7788fe5\" data-element_type=\"widget\" data-e-type=\"widget\" data-widget_type=\"image.default\">\n\t\t\t\t<div class=\"elementor-widget-container\">\n\t\t\t\t\t\t\t\t\t\t\t\t\t\t\t<img loading=\"lazy\" decoding=\"async\" width=\"438\" height=\"613\" src=\"https:\/\/florahotelmada.com\/wp-content\/uploads\/2022\/07\/Besakana.jpg\" class=\"attachment-large size-large wp-image-1537\" alt=\"\" srcset=\"https:\/\/florahotelmada.com\/wp-content\/uploads\/2022\/07\/Besakana.jpg 438w, https:\/\/florahotelmada.com\/wp-content\/uploads\/2022\/07\/Besakana-214x300.jpg 214w, https:\/\/florahotelmada.com\/wp-content\/uploads\/2022\/07\/Besakana-9x12.jpg 9w\" sizes=\"auto, (max-width: 438px) 100vw, 438px\" \/>\t\t\t\t\t\t\t\t\t\t\t\t\t\t\t<\/div>\n\t\t\t\t<\/div>\n\t\t\t\t<div class=\"elementor-element elementor-element-93cc3a1 elementor-widget elementor-widget-text-editor\" data-id=\"93cc3a1\" data-element_type=\"widget\" data-e-type=\"widget\" data-widget_type=\"text-editor.default\">\n\t\t\t\t<div class=\"elementor-widget-container\">\n\t\t\t\t\t\t\t\t\t<h6><strong>Besakana<\/strong><\/h6>\t\t\t\t\t\t\t\t<\/div>\n\t\t\t\t<\/div>\n\t\t\t\t\t<\/div>\n\t\t<\/div>\n\t\t\t\t<div class=\"elementor-column elementor-col-16 elementor-top-column elementor-element elementor-element-03b1ac2\" data-id=\"03b1ac2\" data-element_type=\"column\" data-e-type=\"column\">\n\t\t\t<div class=\"elementor-widget-wrap elementor-element-populated\">\n\t\t\t\t\t\t<div class=\"elementor-element elementor-element-732389f elementor-widget elementor-widget-image\" data-id=\"732389f\" data-element_type=\"widget\" data-e-type=\"widget\" data-widget_type=\"image.default\">\n\t\t\t\t<div class=\"elementor-widget-container\">\n\t\t\t\t\t\t\t\t\t\t\t\t\t\t\t<img loading=\"lazy\" decoding=\"async\" width=\"192\" height=\"262\" src=\"https:\/\/florahotelmada.com\/wp-content\/uploads\/2022\/07\/Mahitsielafanjaka.jpg\" class=\"attachment-large size-large wp-image-1539\" alt=\"\" srcset=\"https:\/\/florahotelmada.com\/wp-content\/uploads\/2022\/07\/Mahitsielafanjaka.jpg 192w, https:\/\/florahotelmada.com\/wp-content\/uploads\/2022\/07\/Mahitsielafanjaka-9x12.jpg 9w\" sizes=\"auto, (max-width: 192px) 100vw, 192px\" \/>\t\t\t\t\t\t\t\t\t\t\t\t\t\t\t<\/div>\n\t\t\t\t<\/div>\n\t\t\t\t<div class=\"elementor-element elementor-element-564e3ef elementor-widget elementor-widget-text-editor\" data-id=\"564e3ef\" data-element_type=\"widget\" data-e-type=\"widget\" data-widget_type=\"text-editor.default\">\n\t\t\t\t<div class=\"elementor-widget-container\">\n\t\t\t\t\t\t\t\t\t<h6><strong>Mahitsielafanjaka<\/strong><\/h6>\t\t\t\t\t\t\t\t<\/div>\n\t\t\t\t<\/div>\n\t\t\t\t\t<\/div>\n\t\t<\/div>\n\t\t\t\t<div class=\"elementor-column elementor-col-16 elementor-top-column elementor-element elementor-element-e965c20\" data-id=\"e965c20\" data-element_type=\"column\" data-e-type=\"column\">\n\t\t\t<div class=\"elementor-widget-wrap elementor-element-populated\">\n\t\t\t\t\t\t<div class=\"elementor-element elementor-element-d00c365 elementor-widget elementor-widget-image\" data-id=\"d00c365\" data-element_type=\"widget\" data-e-type=\"widget\" data-widget_type=\"image.default\">\n\t\t\t\t<div class=\"elementor-widget-container\">\n\t\t\t\t\t\t\t\t\t\t\t\t\t\t\t<img loading=\"lazy\" decoding=\"async\" width=\"289\" height=\"174\" src=\"https:\/\/florahotelmada.com\/wp-content\/uploads\/2022\/07\/Tranofitomiandalana.jpg\" class=\"attachment-large size-large wp-image-1541\" alt=\"\" srcset=\"https:\/\/florahotelmada.com\/wp-content\/uploads\/2022\/07\/Tranofitomiandalana.jpg 289w, https:\/\/florahotelmada.com\/wp-content\/uploads\/2022\/07\/Tranofitomiandalana-18x12.jpg 18w\" sizes=\"auto, (max-width: 289px) 100vw, 289px\" \/>\t\t\t\t\t\t\t\t\t\t\t\t\t\t\t<\/div>\n\t\t\t\t<\/div>\n\t\t\t\t<div class=\"elementor-element elementor-element-c731526 elementor-widget elementor-widget-text-editor\" data-id=\"c731526\" data-element_type=\"widget\" data-e-type=\"widget\" data-widget_type=\"text-editor.default\">\n\t\t\t\t<div class=\"elementor-widget-container\">\n\t\t\t\t\t\t\t\t\t<h6><strong>Tranofitomiandalana<\/strong><\/h6>\t\t\t\t\t\t\t\t<\/div>\n\t\t\t\t<\/div>\n\t\t\t\t\t<\/div>\n\t\t<\/div>\n\t\t\t\t<div class=\"elementor-column elementor-col-16 elementor-top-column elementor-element elementor-element-0b7a8dc\" data-id=\"0b7a8dc\" data-element_type=\"column\" data-e-type=\"column\">\n\t\t\t<div class=\"elementor-widget-wrap elementor-element-populated\">\n\t\t\t\t\t\t<div class=\"elementor-element elementor-element-5e39188 elementor-widget elementor-widget-image\" data-id=\"5e39188\" data-element_type=\"widget\" data-e-type=\"widget\" data-widget_type=\"image.default\">\n\t\t\t\t<div class=\"elementor-widget-container\">\n\t\t\t\t\t\t\t\t\t\t\t\t\t\t\t<img loading=\"lazy\" decoding=\"async\" width=\"900\" height=\"675\" src=\"https:\/\/florahotelmada.com\/wp-content\/uploads\/2022\/07\/fjkm.jpg\" class=\"attachment-large size-large wp-image-1538\" alt=\"\" srcset=\"https:\/\/florahotelmada.com\/wp-content\/uploads\/2022\/07\/fjkm.jpg 1024w, https:\/\/florahotelmada.com\/wp-content\/uploads\/2022\/07\/fjkm-300x225.jpg 300w, https:\/\/florahotelmada.com\/wp-content\/uploads\/2022\/07\/fjkm-768x576.jpg 768w, https:\/\/florahotelmada.com\/wp-content\/uploads\/2022\/07\/fjkm-16x12.jpg 16w\" sizes=\"auto, (max-width: 900px) 100vw, 900px\" \/>\t\t\t\t\t\t\t\t\t\t\t\t\t\t\t<\/div>\n\t\t\t\t<\/div>\n\t\t\t\t<div class=\"elementor-element elementor-element-16791ac elementor-widget elementor-widget-text-editor\" data-id=\"16791ac\" data-element_type=\"widget\" data-e-type=\"widget\" data-widget_type=\"text-editor.default\">\n\t\t\t\t<div class=\"elementor-widget-container\">\n\t\t\t\t\t\t\t\t\t<h6><strong>Fiangonana Anaty rova<\/strong><\/h6>\t\t\t\t\t\t\t\t<\/div>\n\t\t\t\t<\/div>\n\t\t\t\t\t<\/div>\n\t\t<\/div>\n\t\t\t\t\t<\/div>\n\t\t<\/section>\n\t\t\t\t<section class=\"elementor-section elementor-top-section elementor-element elementor-element-a2bfb69 elementor-section-boxed elementor-section-height-default elementor-section-height-default\" data-id=\"a2bfb69\" data-element_type=\"section\" data-e-type=\"section\">\n\t\t\t\t\t\t<div class=\"elementor-container elementor-column-gap-default\">\n\t\t\t\t\t<div class=\"elementor-column elementor-col-100 elementor-top-column elementor-element elementor-element-b551b17\" data-id=\"b551b17\" data-element_type=\"column\" data-e-type=\"column\">\n\t\t\t<div class=\"elementor-widget-wrap elementor-element-populated\">\n\t\t\t\t\t\t<div class=\"elementor-element elementor-element-0b25a90 elementor-widget elementor-widget-text-editor\" data-id=\"0b25a90\" data-element_type=\"widget\" data-e-type=\"widget\" data-widget_type=\"text-editor.default\">\n\t\t\t\t<div class=\"elementor-widget-container\">\n\t\t\t\t\t\t\t\t\t<p class=\"translation-block\"><br>Son style d'architecture r\u00e9alis\u00e9 par l'architecte Jean Laborde, est simple et unique en son genre dans un d\u00e9cor traditionnel Merina, un design italien et asiatique. Selon le souverain qui y r\u00e9sidait, sa conception changea fr\u00e9quemment jusqu'\u00e0 son incendie le 6 d\u00e9cembre 1995. Tous les objets pr\u00e9cieux qui s'y trouvaient charpente, menuiserie, objets d'art et tableaux pr\u00e9cieux partent en fum\u00e9e.<br>Aujourd'hui, il est objet de s\u00e9pulture de l'histoire des temps anciens des rois et de leurs r\u00e8gnes. Sa valeur culturelle ne peut rivaliser avec les autres palais de Madagascar du fait de sa puissance.<br>D'une grande notori\u00e9t\u00e9 pour le peuple malgache, il repr\u00e9sente la puissance et la force s'\u00e9tendant sur toute l'\u00eele de Madagascar. Sa vue simple offre un aper\u00e7u du temps des rois.<br>Son b\u00e2timent a fini par devenir un mus\u00e9e du patrimoine national et d'art. Il affiche toujours son style Merina asiatique, europ\u00e9en et traditionnel. On peut \u00e9galement voir dans ses environs, le petit pavillon \u00e9lev\u00e9 \u00e0 l'\u00e9poque d'Andrianampoinimerina.<br>Le \"<strong>Rovan'i Manjakamiadana<\/strong>\" plus connu en malgache est l'une des importantes garnisons royales Merina depuis le XVII\u00e8me si\u00e8cle.<br>Debout sur l'une des douze collines de la ville d'Antananarivo, il offre une vue imprenable sur toute la r\u00e9gion des hauts plateaux du centre. Vu de n'importe quel endroit de sa capitale, apr\u00e8s son incendie il se renouvelle lentement avec le temps.<br>Le palais de la Reine a repris les r\u00e9novations \u00e0 partir de 2006 faute de financement. L'objectif principal de ce travail est de lui redonner son lustre d'antan. Cet \u00e9difice est l'oeuvre de plusieurs travaux jusqu'\u00e0 aujourd'hui.<br>Actuellement, un amphith\u00e9\u00e2tre en b\u00e9ton vient d'\u00eatre construit et ajout\u00e9 au symbole de la monarchie Merina. De style romain, il peut accueillir plus de 400 personnes lors d'\u00e9v\u00e9nements culturels.<br>Les us et coutumes r\u00e9gissant ce lieu doivent \u00eatre respect\u00e9s par quiconque s'y rend.<br>Avec ou sans guide, les merveilles qui s'y trouvent vous \u00e9merveilleront .<\/p><p><strong><span style=\"font-size: 12.0pt; line-height: 107%;\">Lys Car\u00e8ne ANDRIAMANANTSOA.<\/span><\/strong><\/p>\t\t\t\t\t\t\t\t<\/div>\n\t\t\t\t<\/div>\n\t\t\t\t\t<\/div>\n\t\t<\/div>\n\t\t\t\t\t<\/div>\n\t\t<\/section>\n\t\t\t\t<\/div>","protected":false},"excerpt":{"rendered":"<p>THE ROVA MANJAKAMIADANA The &#8220;Rova of Manjakamiadana&#8220;, jewel of Antananarivo.Former palace where kings and queens lived in the XIXe century, it is now one of the most attractive monuments in the world. Located in the district of Andafivaratra, in Andohalo, it is perceptible from everywhere and still represents a strong historical value.The royal palace of&nbsp;Manjakamiadana, &#8230; <a title=\"Le Rova Manjakamiadana\" class=\"read-more\" href=\"https:\/\/florahotelmada.com\/fr\/the-rova-manjakamiadana\/\" aria-label=\"En savoir plus sur The Rova Manjakamiadana\">Lire la suite<\/a><\/p>","protected":false},"author":1,"featured_media":0,"parent":0,"menu_order":0,"comment_status":"closed","ping_status":"closed","template":"","meta":{"nf_dc_page":"","footnotes":""},"class_list":["post-1475","page","type-page","status-publish"],"_links":{"self":[{"href":"https:\/\/florahotelmada.com\/fr\/wp-json\/wp\/v2\/pages\/1475","targetHints":{"allow":["GET"]}}],"collection":[{"href":"https:\/\/florahotelmada.com\/fr\/wp-json\/wp\/v2\/pages"}],"about":[{"href":"https:\/\/florahotelmada.com\/fr\/wp-json\/wp\/v2\/types\/page"}],"author":[{"embeddable":true,"href":"https:\/\/florahotelmada.com\/fr\/wp-json\/wp\/v2\/users\/1"}],"replies":[{"embeddable":true,"href":"https:\/\/florahotelmada.com\/fr\/wp-json\/wp\/v2\/comments?post=1475"}],"version-history":[{"count":11,"href":"https:\/\/florahotelmada.com\/fr\/wp-json\/wp\/v2\/pages\/1475\/revisions"}],"predecessor-version":[{"id":1546,"href":"https:\/\/florahotelmada.com\/fr\/wp-json\/wp\/v2\/pages\/1475\/revisions\/1546"}],"wp:attachment":[{"href":"https:\/\/florahotelmada.com\/fr\/wp-json\/wp\/v2\/media?parent=1475"}],"curies":[{"name":"wp","href":"https:\/\/api.w.org\/{rel}","templated":true}]}}