{"id":1619,"date":"2022-07-05T10:18:24","date_gmt":"2022-07-05T10:18:24","guid":{"rendered":"https:\/\/florahotelmada.com\/?page_id=1619"},"modified":"2022-07-05T10:53:22","modified_gmt":"2022-07-05T10:53:22","slug":"maki","status":"publish","type":"page","link":"https:\/\/florahotelmada.com\/fr\/maki\/","title":{"rendered":"Maki"},"content":{"rendered":"<div data-elementor-type=\"wp-page\" data-elementor-id=\"1619\" class=\"elementor elementor-1619\" data-elementor-post-type=\"page\">\n\t\t\t\t\t\t<section class=\"elementor-section elementor-top-section elementor-element elementor-element-c1f8141 elementor-section-boxed elementor-section-height-default elementor-section-height-default\" data-id=\"c1f8141\" data-element_type=\"section\" data-e-type=\"section\" data-settings=\"{&quot;background_background&quot;:&quot;classic&quot;}\">\n\t\t\t\t\t\t\t<div class=\"elementor-background-overlay\"><\/div>\n\t\t\t\t\t\t\t<div class=\"elementor-container elementor-column-gap-default\">\n\t\t\t\t\t<div class=\"elementor-column elementor-col-100 elementor-top-column elementor-element elementor-element-8b47a62\" data-id=\"8b47a62\" data-element_type=\"column\" data-e-type=\"column\">\n\t\t\t<div class=\"elementor-widget-wrap elementor-element-populated\">\n\t\t\t\t\t\t\t<\/div>\n\t\t<\/div>\n\t\t\t\t\t<\/div>\n\t\t<\/section>\n\t\t\t\t<section class=\"elementor-section elementor-top-section elementor-element elementor-element-b801a3c elementor-section-boxed elementor-section-height-default elementor-section-height-default\" data-id=\"b801a3c\" data-element_type=\"section\" data-e-type=\"section\">\n\t\t\t\t\t\t<div class=\"elementor-container elementor-column-gap-default\">\n\t\t\t\t\t<div class=\"elementor-column elementor-col-100 elementor-top-column elementor-element elementor-element-72e3b21\" data-id=\"72e3b21\" data-element_type=\"column\" data-e-type=\"column\">\n\t\t\t<div class=\"elementor-widget-wrap elementor-element-populated\">\n\t\t\t\t\t\t<div class=\"elementor-element elementor-element-3b2824d elementor-widget elementor-widget-image\" data-id=\"3b2824d\" data-element_type=\"widget\" data-e-type=\"widget\" data-widget_type=\"image.default\">\n\t\t\t\t<div class=\"elementor-widget-container\">\n\t\t\t\t\t\t\t\t\t\t\t\t\t\t\t<img loading=\"lazy\" decoding=\"async\" width=\"880\" height=\"661\" src=\"https:\/\/florahotelmada.com\/wp-content\/uploads\/2022\/07\/lemur-madagascar-dam-grass-young-animal.jpg\" class=\"attachment-full size-full wp-image-1623\" alt=\"\" srcset=\"https:\/\/florahotelmada.com\/wp-content\/uploads\/2022\/07\/lemur-madagascar-dam-grass-young-animal.jpg 880w, https:\/\/florahotelmada.com\/wp-content\/uploads\/2022\/07\/lemur-madagascar-dam-grass-young-animal-300x225.jpg 300w, https:\/\/florahotelmada.com\/wp-content\/uploads\/2022\/07\/lemur-madagascar-dam-grass-young-animal-768x577.jpg 768w, https:\/\/florahotelmada.com\/wp-content\/uploads\/2022\/07\/lemur-madagascar-dam-grass-young-animal-16x12.jpg 16w\" sizes=\"auto, (max-width: 880px) 100vw, 880px\" \/>\t\t\t\t\t\t\t\t\t\t\t\t\t\t\t<\/div>\n\t\t\t\t<\/div>\n\t\t\t\t<div class=\"elementor-element elementor-element-e57fd77 elementor-widget elementor-widget-heading\" data-id=\"e57fd77\" data-element_type=\"widget\" data-e-type=\"widget\" data-widget_type=\"heading.default\">\n\t\t\t\t<div class=\"elementor-widget-container\">\n\t\t\t\t\t<h4 class=\"elementor-heading-title elementor-size-default\">lemurien Catta ou Maki<\/h4>\t\t\t\t<\/div>\n\t\t\t\t<\/div>\n\t\t\t\t<section class=\"elementor-section elementor-inner-section elementor-element elementor-element-afaf646 elementor-section-boxed elementor-section-height-default elementor-section-height-default\" data-id=\"afaf646\" data-element_type=\"section\" data-e-type=\"section\">\n\t\t\t\t\t\t<div class=\"elementor-container elementor-column-gap-default\">\n\t\t\t\t\t<div class=\"elementor-column elementor-col-50 elementor-inner-column elementor-element elementor-element-d0e234d\" data-id=\"d0e234d\" data-element_type=\"column\" data-e-type=\"column\">\n\t\t\t<div class=\"elementor-widget-wrap elementor-element-populated\">\n\t\t\t\t\t\t<div class=\"elementor-element elementor-element-4bb8eff elementor-widget elementor-widget-text-editor\" data-id=\"4bb8eff\" data-element_type=\"widget\" data-e-type=\"widget\" data-widget_type=\"text-editor.default\">\n\t\t\t\t<div class=\"elementor-widget-container\">\n\t\t\t\t\t\t\t\t\t<p class=\"translation-block\">Madagascar est un pays connu pour sa diversit\u00e9 faunistique et floristique. La Grande Ile abrite plusieurs esp\u00e8ces animales dont certaines sont end\u00e9miques. C'est le cas des l\u00e9muriens de Madagascar.<br>Le l\u00e9murien Catta ou Maki catta est l'esp\u00e8ce de l\u00e9murien la plus connue. Il vit principalement dans le sud de l'\u00eele. Il se caract\u00e9rise par une longue queue annel\u00e9e de couleur blanche et noire. \u00c9tant le plus vieux l\u00e9murien de Madagascar, le Maki catta est le plus<\/p><p><br \/><br \/><\/p>\t\t\t\t\t\t\t\t<\/div>\n\t\t\t\t<\/div>\n\t\t\t\t\t<\/div>\n\t\t<\/div>\n\t\t\t\t<div class=\"elementor-column elementor-col-50 elementor-inner-column elementor-element elementor-element-fd78090\" data-id=\"fd78090\" data-element_type=\"column\" data-e-type=\"column\">\n\t\t\t<div class=\"elementor-widget-wrap elementor-element-populated\">\n\t\t\t\t\t\t<div class=\"elementor-element elementor-element-59d249a elementor-widget elementor-widget-image\" data-id=\"59d249a\" data-element_type=\"widget\" data-e-type=\"widget\" data-widget_type=\"image.default\">\n\t\t\t\t<div class=\"elementor-widget-container\">\n\t\t\t\t\t\t\t\t\t\t\t\t\t\t\t<img loading=\"lazy\" decoding=\"async\" width=\"199\" height=\"300\" src=\"https:\/\/florahotelmada.com\/wp-content\/uploads\/2022\/07\/maki-catta-lemurien-2-199x300.jpg\" class=\"attachment-medium size-medium wp-image-1624\" alt=\"\" srcset=\"https:\/\/florahotelmada.com\/wp-content\/uploads\/2022\/07\/maki-catta-lemurien-2-199x300.jpg 199w, https:\/\/florahotelmada.com\/wp-content\/uploads\/2022\/07\/maki-catta-lemurien-2-8x12.jpg 8w, https:\/\/florahotelmada.com\/wp-content\/uploads\/2022\/07\/maki-catta-lemurien-2.jpg 531w\" sizes=\"auto, (max-width: 199px) 100vw, 199px\" \/>\t\t\t\t\t\t\t\t\t\t\t\t\t\t\t<\/div>\n\t\t\t\t<\/div>\n\t\t\t\t\t<\/div>\n\t\t<\/div>\n\t\t\t\t\t<\/div>\n\t\t<\/section>\n\t\t\t\t\t<\/div>\n\t\t<\/div>\n\t\t\t\t\t<\/div>\n\t\t<\/section>\n\t\t\t\t<section class=\"elementor-section elementor-top-section elementor-element elementor-element-99fbbba elementor-section-boxed elementor-section-height-default elementor-section-height-default\" data-id=\"99fbbba\" data-element_type=\"section\" data-e-type=\"section\">\n\t\t\t\t\t\t<div class=\"elementor-container elementor-column-gap-default\">\n\t\t\t\t\t<div class=\"elementor-column elementor-col-100 elementor-top-column elementor-element elementor-element-ef1229a\" data-id=\"ef1229a\" data-element_type=\"column\" data-e-type=\"column\">\n\t\t\t<div class=\"elementor-widget-wrap elementor-element-populated\">\n\t\t\t\t\t\t<div class=\"elementor-element elementor-element-0064aef elementor-widget elementor-widget-heading\" data-id=\"0064aef\" data-element_type=\"widget\" data-e-type=\"widget\" data-widget_type=\"heading.default\">\n\t\t\t\t<div class=\"elementor-widget-container\">\n\t\t\t\t\t<h3 class=\"elementor-heading-title elementor-size-default\">Pr\u00e9sentation<\/h3>\t\t\t\t<\/div>\n\t\t\t\t<\/div>\n\t\t\t\t<div class=\"elementor-element elementor-element-7ca0d9a elementor-widget elementor-widget-text-editor\" data-id=\"7ca0d9a\" data-element_type=\"widget\" data-e-type=\"widget\" data-widget_type=\"text-editor.default\">\n\t\t\t\t<div class=\"elementor-widget-container\">\n\t\t\t\t\t\t\t\t\t<p class=\"translation-block\">Le maki catta est un petit l\u00e9murien d'environ 2 kg, dont la queue est \u00e0 peu pr\u00e8s aussi longue que la t\u00eate et le corps r\u00e9unis. Chez le m\u00e2le, la t\u00eate est beaucoup plus forte et le museau moins allong\u00e9. La t\u00eate est bicolore : la face est blanche avec des zones noires sur le haut du cr\u00e2ne, autour des yeux et du museau. Ces zones en forme de poire autour des yeux font ressortir l'iris dor\u00e9, cercl\u00e9 de noir.<br>Chez les m\u00e2les comme les femelles, le corps est presque enti\u00e8rement recouvert d'un pelage brillant, gris teint\u00e9 de brun sur le dos et plus clair sur le ventre . Certaines parties sont glabres, laissant appara\u00eetre la peau noire, notamment sur les poignets et le scrotum. La queue, non pr\u00e9hensile, est caract\u00e9ristique de l'esp\u00e8ce. Ray\u00e9 de 14 anneaux de poils blancs de largeur identique, il est tr\u00e8s fourni et mesure environ 50 cm de long lorsque le maki atteint sa taille adulte, \u00e0 2 ans. L'animal marche avec la queue dress\u00e9e lorsqu'il se d\u00e9place au sol, \u00e0 quatre pattes ou sur deux pattes, debout sur ses pattes arri\u00e8re qui sont plus longues que ses pattes avant. Les \u00e9paules sont un peu plus larges chez le m\u00e2le que chez la femelle. Les orteils des mains et des pieds sont munis d'ongles, \u00e0 l'exception du deuxi\u00e8me orteil, qui se termine par une griffe dite \"de toilettage\" que l'animal utilise pour se l\u00e9cher lui-m\u00eame ou les membres de son groupe.<br>Animal tr\u00e8s social, le maki catta jouit de sens tr\u00e8s d\u00e9velopp\u00e9s. Il perd rarement le contact visuel avec le groupe auquel il appartient, la vision, excellente dans l'esp\u00e8ce, jouant sans doute un r\u00f4le important dans la reconnaissance entre individus. Si par hasard un maki est isol\u00e9, il appelle ses cong\u00e9n\u00e8res makis, jamais tr\u00e8s loin.<br>Le r\u00e9pertoire vocal des makis est tr\u00e8s \u00e9tendu : hurlement de coh\u00e9sion de groupe d'un m\u00e2le dominant, le soir ou pendant la saison de reproduction, pour qui r\u00e9pondent aux hurlements des autres m\u00e2les et aux miaulements aigus des femelles et des jeunes ; grognements d'alerte rapides (environ deux par seconde) qui s'intensifient en aboiements, d'abord faibles puis plus forts, \u00e0 l'approche du danger (accompagn\u00e9s d'appels aigus et forts); plaintes de d\u00e9tresse aigu\u00ebs et per\u00e7antes ou crachats et ronflements agressifs en cas de conflit. Dans certains cas, ces diverses vocalisations sont appuy\u00e9es par des expressions faciales.<br>L'odorat est tr\u00e8s d\u00e9velopp\u00e9 chez cette esp\u00e8ce, qui montre un comportement de marquage tr\u00e8s prononc\u00e9.<br>Les m\u00e2les ont une grosse glande s\u00e9bac\u00e9e en forme d'oeuf sur le devant des bras, pr\u00e8s de l'articulation sterno-hum\u00e9rale, d'environ 3,5 cm de diam\u00e8tre, cach\u00e9e dans la fourrure. Lorsqu'on la presse, une s\u00e9cr\u00e9tion brun fonc\u00e9 \u00e0 l'odeur tr\u00e8s forte et \u00e0 l'aspect vermiforme s'\u00e9chappe de son orifice en forme de mamelon. Chez la femelle, cette glande brachiale est remplac\u00e9e par une papille n'exc\u00e9dant pas un centim\u00e8tre de diam\u00e8tre, identifiable par 5 \u00e0 6 gros poils plus color\u00e9s les uns que les autres.<br>Un peu en avant des poignets, m\u00e2les et femelles poss\u00e8dent une glande ant\u00e9brachiale . En frottant cette glande s\u00e9bac\u00e9e sur leur corps ou leur queue, ils impr\u00e8gnent leur pelage de leur propre odeur ou marquent leur passage sur les arbres. Les m\u00e2les l'utilisent lors des combats olfactifs.<br>Le marquage g\u00e9nital, courant chez tous les adultes, s'effectue gr\u00e2ce aux glandes s\u00e9bac\u00e9es g\u00e9nito-anales situ\u00e9es sur le scrotum et autour de l'anus<\/p>\t\t\t\t\t\t\t\t<\/div>\n\t\t\t\t<\/div>\n\t\t\t\t\t<\/div>\n\t\t<\/div>\n\t\t\t\t\t<\/div>\n\t\t<\/section>\n\t\t\t\t<section class=\"elementor-section elementor-top-section elementor-element elementor-element-ab3c62a elementor-section-boxed elementor-section-height-default elementor-section-height-default\" data-id=\"ab3c62a\" data-element_type=\"section\" data-e-type=\"section\">\n\t\t\t\t\t\t<div class=\"elementor-container elementor-column-gap-default\">\n\t\t\t\t\t<div class=\"elementor-column elementor-col-100 elementor-top-column elementor-element elementor-element-2fdf7fe\" data-id=\"2fdf7fe\" data-element_type=\"column\" data-e-type=\"column\">\n\t\t\t<div class=\"elementor-widget-wrap elementor-element-populated\">\n\t\t\t\t\t\t<div class=\"elementor-element elementor-element-9f6f67a elementor-widget elementor-widget-image\" data-id=\"9f6f67a\" data-element_type=\"widget\" data-e-type=\"widget\" data-widget_type=\"image.default\">\n\t\t\t\t<div class=\"elementor-widget-container\">\n\t\t\t\t\t\t\t\t\t\t\t\t\t\t\t<img loading=\"lazy\" decoding=\"async\" width=\"900\" height=\"599\" src=\"https:\/\/florahotelmada.com\/wp-content\/uploads\/2022\/07\/AdobeStock_62764871-1-scaled-1-1024x682.jpeg\" class=\"attachment-large size-large wp-image-1625\" alt=\"\" srcset=\"https:\/\/florahotelmada.com\/wp-content\/uploads\/2022\/07\/AdobeStock_62764871-1-scaled-1-1024x682.jpeg 1024w, https:\/\/florahotelmada.com\/wp-content\/uploads\/2022\/07\/AdobeStock_62764871-1-scaled-1-300x200.jpeg 300w, https:\/\/florahotelmada.com\/wp-content\/uploads\/2022\/07\/AdobeStock_62764871-1-scaled-1-768x512.jpeg 768w, https:\/\/florahotelmada.com\/wp-content\/uploads\/2022\/07\/AdobeStock_62764871-1-scaled-1-1536x1024.jpeg 1536w, https:\/\/florahotelmada.com\/wp-content\/uploads\/2022\/07\/AdobeStock_62764871-1-scaled-1-2048x1365.jpeg 2048w, https:\/\/florahotelmada.com\/wp-content\/uploads\/2022\/07\/AdobeStock_62764871-1-scaled-1-18x12.jpeg 18w\" sizes=\"auto, (max-width: 900px) 100vw, 900px\" \/>\t\t\t\t\t\t\t\t\t\t\t\t\t\t\t<\/div>\n\t\t\t\t<\/div>\n\t\t\t\t\t<\/div>\n\t\t<\/div>\n\t\t\t\t\t<\/div>\n\t\t<\/section>\n\t\t\t\t<section class=\"elementor-section elementor-top-section elementor-element elementor-element-905702e elementor-section-boxed elementor-section-height-default elementor-section-height-default\" data-id=\"905702e\" data-element_type=\"section\" data-e-type=\"section\">\n\t\t\t\t\t\t<div class=\"elementor-container elementor-column-gap-default\">\n\t\t\t\t\t<div class=\"elementor-column elementor-col-50 elementor-top-column elementor-element elementor-element-f21c8eb\" data-id=\"f21c8eb\" data-element_type=\"column\" data-e-type=\"column\">\n\t\t\t<div class=\"elementor-widget-wrap elementor-element-populated\">\n\t\t\t\t\t\t<div class=\"elementor-element elementor-element-e4d8427 elementor-widget elementor-widget-heading\" data-id=\"e4d8427\" data-element_type=\"widget\" data-e-type=\"widget\" data-widget_type=\"heading.default\">\n\t\t\t\t<div class=\"elementor-widget-container\">\n\t\t\t\t\t<h5 class=\"elementor-heading-title elementor-size-default\">Mode et lieu de vie <\/h5>\t\t\t\t<\/div>\n\t\t\t\t<\/div>\n\t\t\t\t<div class=\"elementor-element elementor-element-6bafc6f elementor-widget elementor-widget-text-editor\" data-id=\"6bafc6f\" data-element_type=\"widget\" data-e-type=\"widget\" data-widget_type=\"text-editor.default\">\n\t\t\t\t<div class=\"elementor-widget-container\">\n\t\t\t\t\t\t\t\t\t<p class=\"translation-block\">Le Maki catta vit en groupe d'une vingtaine d'individus men\u00e9, comme chez la plupart des l\u00e9muriens, par une femelle adulte dominante. Elle guide la troupe lors des d\u00e9placements et est la premi\u00e8re \u00e0 atteindre la nourriture. La nourriture est vari\u00e9e et d\u00e9pend des saisons : fleurs et fruits, jeunes feuilles, exsudats, insectes de toutes sortes, araign\u00e9es et leurs toiles, plantes succulentes en saison s\u00e8che\u2026<br>Les naissances ont lieu presque toutes en m\u00eame temps, quand les ressources alimentaires sont les plus abondantes. D\u00e8s l'\u00e2ge de trois jours, le jeune, jusqu'alors accroch\u00e9 au ventre de sa m\u00e8re, est capable de grimper sur son dos ou sur le dos d'une autre femelle proche.<br>Le maki catta vit dans les for\u00eats humides et s\u00e8ches de l'\u00eele, les fourr\u00e9s \u00e9pineux, la savane arbustive.<br>Il \u00e9volue \u00e9galement dans les r\u00e9gions montagneuses de l'\u00eele.<\/p>\t\t\t\t\t\t\t\t<\/div>\n\t\t\t\t<\/div>\n\t\t\t\t\t<\/div>\n\t\t<\/div>\n\t\t\t\t<div class=\"elementor-column elementor-col-50 elementor-top-column elementor-element elementor-element-87f196d\" data-id=\"87f196d\" data-element_type=\"column\" data-e-type=\"column\">\n\t\t\t<div class=\"elementor-widget-wrap elementor-element-populated\">\n\t\t\t\t\t\t<div class=\"elementor-element elementor-element-2e6cd07 elementor-widget elementor-widget-image\" data-id=\"2e6cd07\" data-element_type=\"widget\" data-e-type=\"widget\" data-widget_type=\"image.default\">\n\t\t\t\t<div class=\"elementor-widget-container\">\n\t\t\t\t\t\t\t\t\t\t\t\t\t\t\t<img loading=\"lazy\" decoding=\"async\" width=\"300\" height=\"198\" src=\"https:\/\/florahotelmada.com\/wp-content\/uploads\/2022\/07\/lemur-mama-madagascar-baby-nature-animals-300x198.jpg\" class=\"attachment-medium size-medium wp-image-1626\" alt=\"\" srcset=\"https:\/\/florahotelmada.com\/wp-content\/uploads\/2022\/07\/lemur-mama-madagascar-baby-nature-animals-300x198.jpg 300w, https:\/\/florahotelmada.com\/wp-content\/uploads\/2022\/07\/lemur-mama-madagascar-baby-nature-animals-768x508.jpg 768w, https:\/\/florahotelmada.com\/wp-content\/uploads\/2022\/07\/lemur-mama-madagascar-baby-nature-animals-18x12.jpg 18w, https:\/\/florahotelmada.com\/wp-content\/uploads\/2022\/07\/lemur-mama-madagascar-baby-nature-animals.jpg 880w\" sizes=\"auto, (max-width: 300px) 100vw, 300px\" \/>\t\t\t\t\t\t\t\t\t\t\t\t\t\t\t<\/div>\n\t\t\t\t<\/div>\n\t\t\t\t\t<\/div>\n\t\t<\/div>\n\t\t\t\t\t<\/div>\n\t\t<\/section>\n\t\t\t\t<section class=\"elementor-section elementor-top-section elementor-element elementor-element-734685a elementor-section-boxed elementor-section-height-default elementor-section-height-default\" data-id=\"734685a\" data-element_type=\"section\" data-e-type=\"section\">\n\t\t\t\t\t\t<div class=\"elementor-container elementor-column-gap-default\">\n\t\t\t\t\t<div class=\"elementor-column elementor-col-50 elementor-top-column elementor-element elementor-element-f6be182\" data-id=\"f6be182\" data-element_type=\"column\" data-e-type=\"column\">\n\t\t\t<div class=\"elementor-widget-wrap elementor-element-populated\">\n\t\t\t\t\t\t<div class=\"elementor-element elementor-element-57b7646 elementor-widget elementor-widget-image\" data-id=\"57b7646\" data-element_type=\"widget\" data-e-type=\"widget\" data-widget_type=\"image.default\">\n\t\t\t\t<div class=\"elementor-widget-container\">\n\t\t\t\t\t\t\t\t\t\t\t\t\t\t\t<img loading=\"lazy\" decoding=\"async\" width=\"300\" height=\"294\" src=\"https:\/\/florahotelmada.com\/wp-content\/uploads\/2022\/07\/maki.jpg\" class=\"attachment-medium size-medium wp-image-1627\" alt=\"\" srcset=\"https:\/\/florahotelmada.com\/wp-content\/uploads\/2022\/07\/maki.jpg 300w, https:\/\/florahotelmada.com\/wp-content\/uploads\/2022\/07\/maki-12x12.jpg 12w\" sizes=\"auto, (max-width: 300px) 100vw, 300px\" \/>\t\t\t\t\t\t\t\t\t\t\t\t\t\t\t<\/div>\n\t\t\t\t<\/div>\n\t\t\t\t\t<\/div>\n\t\t<\/div>\n\t\t\t\t<div class=\"elementor-column elementor-col-50 elementor-top-column elementor-element elementor-element-7c0a3ff\" data-id=\"7c0a3ff\" data-element_type=\"column\" data-e-type=\"column\">\n\t\t\t<div class=\"elementor-widget-wrap elementor-element-populated\">\n\t\t\t\t\t\t<div class=\"elementor-element elementor-element-95f5d99 elementor-widget elementor-widget-spacer\" data-id=\"95f5d99\" data-element_type=\"widget\" data-e-type=\"widget\" data-widget_type=\"spacer.default\">\n\t\t\t\t<div class=\"elementor-widget-container\">\n\t\t\t\t\t\t\t<div class=\"elementor-spacer\">\n\t\t\t<div class=\"elementor-spacer-inner\"><\/div>\n\t\t<\/div>\n\t\t\t\t\t\t<\/div>\n\t\t\t\t<\/div>\n\t\t\t\t<div class=\"elementor-element elementor-element-0a571bd elementor-widget elementor-widget-heading\" data-id=\"0a571bd\" data-element_type=\"widget\" data-e-type=\"widget\" data-widget_type=\"heading.default\">\n\t\t\t\t<div class=\"elementor-widget-container\">\n\t\t\t\t\t<h5 class=\"elementor-heading-title elementor-size-default\">Alimentation <\/h5>\t\t\t\t<\/div>\n\t\t\t\t<\/div>\n\t\t\t\t<div class=\"elementor-element elementor-element-7d6c271 elementor-widget elementor-widget-text-editor\" data-id=\"7d6c271\" data-element_type=\"widget\" data-e-type=\"widget\" data-widget_type=\"text-editor.default\">\n\t\t\t\t<div class=\"elementor-widget-container\">\n\t\t\t\t\t\t\t\t\t<p class=\"translation-block\">Le Maki se nourrit de fruits, de fleurs, de feuilles, de bourgeons, d'\u00e9corces et de s\u00e8ve.<br>Omnivore, le primate se nourrit occasionnellement d'insectes, d'araign\u00e9es ou de petits animaux (oiseaux, cam\u00e9l\u00e9ons).<\/p>\t\t\t\t\t\t\t\t<\/div>\n\t\t\t\t<\/div>\n\t\t\t\t\t<\/div>\n\t\t<\/div>\n\t\t\t\t\t<\/div>\n\t\t<\/section>\n\t\t\t\t<\/div>","protected":false},"excerpt":{"rendered":"<p>The Catta lemur or Maki Madagascar is a country known for its faunal and floristic diversity. The Big Island is home to several animal species, some of which are endemic. This is the case of the lemurs of Madagascar.The Catta lemur or Maki catta is the most known lemur species. It lives mainly in the &#8230; <a title=\"Maki\" class=\"read-more\" href=\"https:\/\/florahotelmada.com\/fr\/maki\/\" aria-label=\"En savoir plus sur Maki\">Lire la suite<\/a><\/p>","protected":false},"author":1,"featured_media":0,"parent":0,"menu_order":0,"comment_status":"closed","ping_status":"closed","template":"","meta":{"nf_dc_page":"","footnotes":""},"class_list":["post-1619","page","type-page","status-publish"],"_links":{"self":[{"href":"https:\/\/florahotelmada.com\/fr\/wp-json\/wp\/v2\/pages\/1619","targetHints":{"allow":["GET"]}}],"collection":[{"href":"https:\/\/florahotelmada.com\/fr\/wp-json\/wp\/v2\/pages"}],"about":[{"href":"https:\/\/florahotelmada.com\/fr\/wp-json\/wp\/v2\/types\/page"}],"author":[{"embeddable":true,"href":"https:\/\/florahotelmada.com\/fr\/wp-json\/wp\/v2\/users\/1"}],"replies":[{"embeddable":true,"href":"https:\/\/florahotelmada.com\/fr\/wp-json\/wp\/v2\/comments?post=1619"}],"version-history":[{"count":7,"href":"https:\/\/florahotelmada.com\/fr\/wp-json\/wp\/v2\/pages\/1619\/revisions"}],"predecessor-version":[{"id":1636,"href":"https:\/\/florahotelmada.com\/fr\/wp-json\/wp\/v2\/pages\/1619\/revisions\/1636"}],"wp:attachment":[{"href":"https:\/\/florahotelmada.com\/fr\/wp-json\/wp\/v2\/media?parent=1619"}],"curies":[{"name":"wp","href":"https:\/\/api.w.org\/{rel}","templated":true}]}}